{"id":13054,"date":"2022-09-15T10:32:47","date_gmt":"2022-09-15T08:32:47","guid":{"rendered":"https:\/\/k-invent.com\/?post_type=product&#038;p=13054"},"modified":"2023-03-21T17:31:11","modified_gmt":"2023-03-21T16:31:11","slug":"k-deltas-2","status":"publish","type":"product","link":"https:\/\/k-invent.com\/fr\/produit\/k-deltas-2\/","title":{"rendered":"K-Deltas"},"content":{"rendered":"<div class=\"wpb-content-wrapper\"><p>[vc_row][vc_column][vc_btn title=&#8221;R\u00e9server une d\u00e9mo&#8221; style=&#8221;flat&#8221; color=&#8221;warning&#8221; size=&#8221;lg&#8221; align=&#8221;center&#8221; i_icon_fontawesome=&#8221;fas fa-mouse-pointer&#8221; css_animation=&#8221;bounceInUp&#8221; add_icon=&#8221;true&#8221; link=&#8221;url:https%3A%2F%2Fk-invent.com%2Ffr%2Fcontact%2F&#8221; el_class=&#8221;display_element_mobile&#8221;][\/vc_column][\/vc_row]<\/p>\n<\/div>","protected":false},"excerpt":{"rendered":"<p>Ces platesformes de force sont d\u00e9di\u00e9es \u00e0 l\u2019analyse biom\u00e9canique avanc\u00e9e des performances sportives. Connect\u00e9es par Bluetooth \u00e0 l\u2019application KForce, les K-Deltas aide les pr\u00e9parateurs physiques et les professionnels de la r\u00e9adaptation \u00e0 g\u00e9rer le retour au sport de l\u2019athl\u00e8te.<\/p>\n<p>Gr\u00e2ce \u00e0 sa conception, sa capacit\u00e9 de charge et sa fr\u00e9quence d\u2019\u00e9chantillonnage \u00e9lev\u00e9e, les K-Deltas mesurent les performances de mani\u00e8re totalement polyvalente et rapide par rapport \u00e0 tout autre syst\u00e8me du march\u00e9.<\/p>\n<p>\u21d2 <strong>Fonctionne avec l&#8217;application KForce Pro +.<\/strong><\/p>\n","protected":false},"featured_media":12892,"template":"","meta":[],"product_brand":[],"product_cat":[73,43],"product_tag":[],"class_list":{"0":"post-13054","1":"product","2":"type-product","3":"status-publish","4":"has-post-thumbnail","6":"product_cat-appareils","7":"product_cat-kforce","9":"first","10":"instock","11":"taxable","12":"shipping-taxable","13":"product-type-simple"},"_links":{"self":[{"href":"https:\/\/k-invent.com\/fr\/wp-json\/wp\/v2\/product\/13054","targetHints":{"allow":["GET"]}}],"collection":[{"href":"https:\/\/k-invent.com\/fr\/wp-json\/wp\/v2\/product"}],"about":[{"href":"https:\/\/k-invent.com\/fr\/wp-json\/wp\/v2\/types\/product"}],"wp:featuredmedia":[{"embeddable":true,"href":"https:\/\/k-invent.com\/fr\/wp-json\/wp\/v2\/media\/12892"}],"wp:attachment":[{"href":"https:\/\/k-invent.com\/fr\/wp-json\/wp\/v2\/media?parent=13054"}],"wp:term":[{"taxonomy":"product_brand","embeddable":true,"href":"https:\/\/k-invent.com\/fr\/wp-json\/wp\/v2\/product_brand?post=13054"},{"taxonomy":"product_cat","embeddable":true,"href":"https:\/\/k-invent.com\/fr\/wp-json\/wp\/v2\/product_cat?post=13054"},{"taxonomy":"product_tag","embeddable":true,"href":"https:\/\/k-invent.com\/fr\/wp-json\/wp\/v2\/product_tag?post=13054"}],"curies":[{"name":"wp","href":"https:\/\/api.w.org\/{rel}","templated":true}]}}