{"id":12859,"date":"2022-09-05T11:49:21","date_gmt":"2022-09-05T09:49:22","guid":{"rendered":"https:\/\/k-invent.com\/?post_type=product&#038;p=12859"},"modified":"2023-11-02T14:36:24","modified_gmt":"2023-11-02T13:36:24","slug":"twin-handle-new-2","status":"publish","type":"product","link":"https:\/\/k-invent.com\/fr\/produit\/twin-handle-new-2\/","title":{"rendered":"Twin Handle"},"content":{"rendered":"","protected":false},"excerpt":{"rendered":"<p><span style=\"font-weight: 400;\">Le Twin Handle est un accessoire qui facilite la prise en main du K-Push. La prise classique \u00e9tant amovible, vous pourrez l\u2019\u00e9changer selon les besoins de votre \u00e9valuation. Il convient \u00e0 des mesures qui n\u00e9cessitent une prise \u00e0 deux mains stable et contr\u00f4l\u00e9e. L\u2019utilisation,d\u2019un dynamom\u00e8tre n\u2019aura jamais \u00e9t\u00e9 aussi confortable. <\/span><\/p>\n","protected":false},"featured_media":14541,"template":"","meta":[],"product_brand":[],"product_cat":[76,43],"product_tag":[],"class_list":{"0":"post-12859","1":"product","2":"type-product","3":"status-publish","4":"has-post-thumbnail","6":"product_cat-accessoires","7":"product_cat-kforce","9":"first","10":"instock","11":"taxable","12":"shipping-taxable","13":"product-type-simple"},"_links":{"self":[{"href":"https:\/\/k-invent.com\/fr\/wp-json\/wp\/v2\/product\/12859","targetHints":{"allow":["GET"]}}],"collection":[{"href":"https:\/\/k-invent.com\/fr\/wp-json\/wp\/v2\/product"}],"about":[{"href":"https:\/\/k-invent.com\/fr\/wp-json\/wp\/v2\/types\/product"}],"wp:featuredmedia":[{"embeddable":true,"href":"https:\/\/k-invent.com\/fr\/wp-json\/wp\/v2\/media\/14541"}],"wp:attachment":[{"href":"https:\/\/k-invent.com\/fr\/wp-json\/wp\/v2\/media?parent=12859"}],"wp:term":[{"taxonomy":"product_brand","embeddable":true,"href":"https:\/\/k-invent.com\/fr\/wp-json\/wp\/v2\/product_brand?post=12859"},{"taxonomy":"product_cat","embeddable":true,"href":"https:\/\/k-invent.com\/fr\/wp-json\/wp\/v2\/product_cat?post=12859"},{"taxonomy":"product_tag","embeddable":true,"href":"https:\/\/k-invent.com\/fr\/wp-json\/wp\/v2\/product_tag?post=12859"}],"curies":[{"name":"wp","href":"https:\/\/api.w.org\/{rel}","templated":true}]}}