{"id":12842,"date":"2022-09-05T11:36:30","date_gmt":"2022-09-05T09:36:30","guid":{"rendered":"https:\/\/k-invent.com\/?post_type=product&#038;p=12842"},"modified":"2023-05-22T10:55:28","modified_gmt":"2023-05-22T08:55:28","slug":"kgrip-2","status":"publish","type":"product","link":"https:\/\/k-invent.com\/fr\/produit\/kgrip-2\/","title":{"rendered":"K-Grip"},"content":{"rendered":"","protected":false},"excerpt":{"rendered":"<p id=\"title\" class=\"a-size-large a-spacing-none\">Un dynamom\u00e8tre connect\u00e9 pour mesurer la force de pr\u00e9hension dans diverses situations : mesure de la force (par exemple, test de pr\u00e9hension), exercices, jeux, r\u00e9\u00e9ducation (main et membres sup\u00e9rieurs, fatigue nerveuse de l&#8217;athl\u00e8te). L&#8217;application K-FORCE fournit un retour d&#8217;information biologique en temps r\u00e9el pour suivre les progr\u00e8s du patient ou de l&#8217;athl\u00e8te.<\/p>\n","protected":false},"featured_media":12904,"template":"","meta":[],"product_brand":[],"product_cat":[73,43],"product_tag":[],"class_list":{"0":"post-12842","1":"product","2":"type-product","3":"status-publish","4":"has-post-thumbnail","6":"product_cat-appareils","7":"product_cat-kforce","9":"first","10":"instock","11":"taxable","12":"shipping-taxable","13":"product-type-simple"},"_links":{"self":[{"href":"https:\/\/k-invent.com\/fr\/wp-json\/wp\/v2\/product\/12842","targetHints":{"allow":["GET"]}}],"collection":[{"href":"https:\/\/k-invent.com\/fr\/wp-json\/wp\/v2\/product"}],"about":[{"href":"https:\/\/k-invent.com\/fr\/wp-json\/wp\/v2\/types\/product"}],"wp:featuredmedia":[{"embeddable":true,"href":"https:\/\/k-invent.com\/fr\/wp-json\/wp\/v2\/media\/12904"}],"wp:attachment":[{"href":"https:\/\/k-invent.com\/fr\/wp-json\/wp\/v2\/media?parent=12842"}],"wp:term":[{"taxonomy":"product_brand","embeddable":true,"href":"https:\/\/k-invent.com\/fr\/wp-json\/wp\/v2\/product_brand?post=12842"},{"taxonomy":"product_cat","embeddable":true,"href":"https:\/\/k-invent.com\/fr\/wp-json\/wp\/v2\/product_cat?post=12842"},{"taxonomy":"product_tag","embeddable":true,"href":"https:\/\/k-invent.com\/fr\/wp-json\/wp\/v2\/product_tag?post=12842"}],"curies":[{"name":"wp","href":"https:\/\/api.w.org\/{rel}","templated":true}]}}