{"id":12827,"date":"2022-09-05T11:23:55","date_gmt":"2022-09-05T09:23:55","guid":{"rendered":"https:\/\/k-invent.com\/?post_type=product&#038;p=12827"},"modified":"2023-01-13T08:56:08","modified_gmt":"2023-01-13T07:56:08","slug":"kmove-2","status":"publish","type":"product","link":"https:\/\/k-invent.com\/fr\/produit\/kmove-2\/","title":{"rendered":"K-Move"},"content":{"rendered":"","protected":false},"excerpt":{"rendered":"<p>Le K-Move est un goniom\u00e8tre \u00e9lectronique connect\u00e9. Son capteur inertiel permet l&#8217;\u00e9valuation, la surveillance et la r\u00e9habilitation de l&#8217;amplitude des mouvements des principales articulations du corps. Il mesure l&#8217;angle par rapport \u00e0 la position de d\u00e9part z\u00e9ro du membre concern\u00e9 pour un plan anatomique pr\u00e9cis. Facile \u00e0 utiliser, il fonctionne gr\u00e2ce \u00e0 l&#8217;application KFORCE.<\/p>\n","protected":false},"featured_media":12907,"template":"","meta":[],"product_brand":[],"product_cat":[73,43],"product_tag":[],"class_list":{"0":"post-12827","1":"product","2":"type-product","3":"status-publish","4":"has-post-thumbnail","6":"product_cat-appareils","7":"product_cat-kforce","9":"first","10":"instock","11":"taxable","12":"shipping-taxable","13":"product-type-simple"},"_links":{"self":[{"href":"https:\/\/k-invent.com\/fr\/wp-json\/wp\/v2\/product\/12827","targetHints":{"allow":["GET"]}}],"collection":[{"href":"https:\/\/k-invent.com\/fr\/wp-json\/wp\/v2\/product"}],"about":[{"href":"https:\/\/k-invent.com\/fr\/wp-json\/wp\/v2\/types\/product"}],"wp:featuredmedia":[{"embeddable":true,"href":"https:\/\/k-invent.com\/fr\/wp-json\/wp\/v2\/media\/12907"}],"wp:attachment":[{"href":"https:\/\/k-invent.com\/fr\/wp-json\/wp\/v2\/media?parent=12827"}],"wp:term":[{"taxonomy":"product_brand","embeddable":true,"href":"https:\/\/k-invent.com\/fr\/wp-json\/wp\/v2\/product_brand?post=12827"},{"taxonomy":"product_cat","embeddable":true,"href":"https:\/\/k-invent.com\/fr\/wp-json\/wp\/v2\/product_cat?post=12827"},{"taxonomy":"product_tag","embeddable":true,"href":"https:\/\/k-invent.com\/fr\/wp-json\/wp\/v2\/product_tag?post=12827"}],"curies":[{"name":"wp","href":"https:\/\/api.w.org\/{rel}","templated":true}]}}