{"id":12813,"date":"2022-09-05T11:16:58","date_gmt":"2022-09-05T09:16:58","guid":{"rendered":"https:\/\/k-invent.com\/?post_type=product&#038;p=12813"},"modified":"2023-01-13T08:56:17","modified_gmt":"2023-01-13T07:56:17","slug":"kbubble-2","status":"publish","type":"product","link":"https:\/\/k-invent.com\/fr\/produit\/kbubble-2\/","title":{"rendered":"K-Bubble"},"content":{"rendered":"","protected":false},"excerpt":{"rendered":"<p>Le K-Bubble est un dynamom\u00e8tre pneumatique innovant et polyvalent qui transforme la variation de pression en une mesure de force. Vous pouvez adapter le dispositif \u00e0 chaque type de coussin gonflable \u00e9quip\u00e9 d&#8217;une valve.<\/p>\n","protected":false},"featured_media":12910,"template":"","meta":[],"product_brand":[],"product_cat":[73,43],"product_tag":[],"class_list":{"0":"post-12813","1":"product","2":"type-product","3":"status-publish","4":"has-post-thumbnail","6":"product_cat-appareils","7":"product_cat-kforce","9":"first","10":"instock","11":"taxable","12":"shipping-taxable","13":"product-type-simple"},"_links":{"self":[{"href":"https:\/\/k-invent.com\/fr\/wp-json\/wp\/v2\/product\/12813","targetHints":{"allow":["GET"]}}],"collection":[{"href":"https:\/\/k-invent.com\/fr\/wp-json\/wp\/v2\/product"}],"about":[{"href":"https:\/\/k-invent.com\/fr\/wp-json\/wp\/v2\/types\/product"}],"wp:featuredmedia":[{"embeddable":true,"href":"https:\/\/k-invent.com\/fr\/wp-json\/wp\/v2\/media\/12910"}],"wp:attachment":[{"href":"https:\/\/k-invent.com\/fr\/wp-json\/wp\/v2\/media?parent=12813"}],"wp:term":[{"taxonomy":"product_brand","embeddable":true,"href":"https:\/\/k-invent.com\/fr\/wp-json\/wp\/v2\/product_brand?post=12813"},{"taxonomy":"product_cat","embeddable":true,"href":"https:\/\/k-invent.com\/fr\/wp-json\/wp\/v2\/product_cat?post=12813"},{"taxonomy":"product_tag","embeddable":true,"href":"https:\/\/k-invent.com\/fr\/wp-json\/wp\/v2\/product_tag?post=12813"}],"curies":[{"name":"wp","href":"https:\/\/api.w.org\/{rel}","templated":true}]}}