{"id":12793,"date":"2022-09-05T10:58:04","date_gmt":"2022-09-05T08:58:05","guid":{"rendered":"https:\/\/k-invent.com\/?post_type=product&#038;p=12793"},"modified":"2023-01-13T08:56:26","modified_gmt":"2023-01-13T07:56:26","slug":"kpush-2","status":"publish","type":"product","link":"https:\/\/k-invent.com\/fr\/produit\/kpush-2\/","title":{"rendered":"K-Push"},"content":{"rendered":"","protected":false},"excerpt":{"rendered":"<p>Dynamom\u00e8tre musculaire manuel fournissant un biofeedback acoustique et visuel en temps r\u00e9el sur votre smartphone ou tablette via l\u2019application KFORCE. Id\u00e9al pour l\u2019\u00e9valuation rapide des muscles et polyvalent, le K-Push enregistre sur l\u2019application les r\u00e9sultats de vos patients sur des \u00e9valuations sp\u00e9cifiques. Suivez leur progression sur la force maximale, l\u2019endurance et la sym\u00e9trie musculaire.<\/p>\n","protected":false},"featured_media":24801,"template":"","meta":[],"product_brand":[],"product_cat":[73,43],"product_tag":[],"class_list":{"0":"post-12793","1":"product","2":"type-product","3":"status-publish","4":"has-post-thumbnail","6":"product_cat-appareils","7":"product_cat-kforce","9":"first","10":"instock","11":"taxable","12":"shipping-taxable","13":"product-type-simple"},"_links":{"self":[{"href":"https:\/\/k-invent.com\/fr\/wp-json\/wp\/v2\/product\/12793","targetHints":{"allow":["GET"]}}],"collection":[{"href":"https:\/\/k-invent.com\/fr\/wp-json\/wp\/v2\/product"}],"about":[{"href":"https:\/\/k-invent.com\/fr\/wp-json\/wp\/v2\/types\/product"}],"wp:featuredmedia":[{"embeddable":true,"href":"https:\/\/k-invent.com\/fr\/wp-json\/wp\/v2\/media\/24801"}],"wp:attachment":[{"href":"https:\/\/k-invent.com\/fr\/wp-json\/wp\/v2\/media?parent=12793"}],"wp:term":[{"taxonomy":"product_brand","embeddable":true,"href":"https:\/\/k-invent.com\/fr\/wp-json\/wp\/v2\/product_brand?post=12793"},{"taxonomy":"product_cat","embeddable":true,"href":"https:\/\/k-invent.com\/fr\/wp-json\/wp\/v2\/product_cat?post=12793"},{"taxonomy":"product_tag","embeddable":true,"href":"https:\/\/k-invent.com\/fr\/wp-json\/wp\/v2\/product_tag?post=12793"}],"curies":[{"name":"wp","href":"https:\/\/api.w.org\/{rel}","templated":true}]}}