{"id":4696,"date":"2020-03-31T10:21:50","date_gmt":"2020-03-31T08:21:50","guid":{"rendered":"https:\/\/k-invent.com\/terms-of-service-tos\/"},"modified":"2023-07-28T18:31:22","modified_gmt":"2023-07-28T16:31:22","slug":"terms-of-service-tos","status":"publish","type":"page","link":"https:\/\/k-invent.com\/fr\/terms-of-service-tos\/","title":{"rendered":"Terms of service (ToS)"},"content":{"rendered":"<div class=\"wpb-content-wrapper\"><p>[vc_row][vc_column][vc_column_text]<\/p>\n<h1><b>CONDITIONS G\u00c9N\u00c9RALES D\u2019UTILISATION<\/b><\/h1>\n<p><span style=\"font-weight: 400;\">Les pr\u00e9sentes conditions g\u00e9n\u00e9rales d&#8217;utilisation (les &#8220;CGU&#8221;) sont soumises par la soci\u00e9t\u00e9 KINVENT BIOMECANIQUE, soci\u00e9t\u00e9 par actions simplifi\u00e9e au capital social de 626.054,25\u00a0euros, identifi\u00e9e sous le num\u00e9ro 829 348 747 RCS Montpellier, dont le si\u00e8ge social est sis Cap Omega \u2013 Rond-Point Benjamin Franklin 34000 Montpellier France (ci-apr\u00e8s &#8220;KINVENT BIOMECANIQUE&#8221;).<\/span><\/p>\n<p><span style=\"font-weight: 400;\">Ces CGU constituent un accord juridiquement contraignant entre l\u2019Utilisateur (tel que d\u00e9fini ci-apr\u00e8s) et KINVENT BIOMECANIQUE relativement \u00e0 l\u2019utilisation des instruments KINVENT et de l\u2019application K-FORCE, disponible au t\u00e9l\u00e9chargement sur le Play Store (Android) ou sur l\u2019App Store (Apple) (l'&#8221;Application&#8221;).<\/span><\/p>\n<p><span style=\"font-weight: 400;\">L\u2019utilisation de tout ou partie de l\u2019Application implique l\u2019acceptation pleine et enti\u00e8re des pr\u00e9sentes CGU par l\u2019Utilisateur. Tout Utilisateur de l&#8217;Application et\/ou des Services associ\u00e9s (tels que d\u00e9finis ci-dessous) est donc tenu de lire attentivement ces CGU, qui lui seront en tout \u00e9tat de cause pleinement opposables.\u00a0<\/span><\/p>\n<h3><b>1. DEFINITIONS<\/b><\/h3>\n<p><span style=\"font-weight: 400;\">Dans le cadre des CGU, les termes ci-dessous pr\u00e9c\u00e9d\u00e9s d&#8217;une lettre majuscule, qu&#8217;ils soient employ\u00e9s au singulier ou au pluriel, auront le sens suivant :<\/span><\/p>\n<p><b>Application<\/b><span style=\"font-weight: 400;\"> : <\/span> <span style=\"font-weight: 400;\">d\u00e9signe l&#8217;application mobile K-FORCE \u00e9dit\u00e9e par KINVENT BIOM\u00c9CANIQUE, t\u00e9l\u00e9chargeable sur le Play Store (Android) ou sur l\u2019App Store (Apple).<\/span><\/p>\n<p><b>Services<\/b><span style=\"font-weight: 400;\"> : <\/span> <span style=\"font-weight: 400;\">d\u00e9signe l&#8217;ensemble des fonctionnalit\u00e9s de l&#8217;Application.<\/span><\/p>\n<p><b>Parties<\/b><span style=\"font-weight: 400;\"> :<\/span> <span style=\"font-weight: 400;\">d\u00e9signe \u00e0 la fois KINVENT BIOM\u00c9CANIQUE et l&#8217;Utilisateur.\u00a0<\/span><\/p>\n<p><b>Utilisateur <\/b><span style=\"font-weight: 400;\">: <\/span> <span style=\"font-weight: 400;\">d\u00e9signe toute personne physique utilisant l\u2019Application, en g\u00e9n\u00e9ral un praticien (kin\u00e9sith\u00e9rapeute) ou tout autre professionnel de la r\u00e9\u00e9ducation fonctionnelle ou du sport, ou bien un patient dudit praticien.<\/span><\/p>\n<h3><b>2. DUR\u00c9E DES CGU<\/b><\/h3>\n<p><span style=\"font-weight: 400;\">Les CGU entrent en vigueur au moment de leur acceptation par l&#8217;Utilisateur et au plus tard au moment de la premi\u00e8re utilisation de l&#8217;Application. Elles restent en vigueur pendant toute la dur\u00e9e de l&#8217;utilisation de l&#8217;Application.\u00a0<\/span><\/p>\n<h3><b>3. PR\u00c9SENTATION DES FONCTIONNALIT\u00c9S DE L&#8217;APPLICATION<\/b><\/h3>\n<p><span style=\"font-weight: 400;\">L\u2019Application permet aux Utilisateurs de programmer des exercices physiques et des jeux de r\u00e9adaptation, ainsi que d\u2019\u00e9valuer et de suivre les progr\u00e8s de leurs patients. Elle peut \u00eatre utilis\u00e9e en association avec les appareils KINVENT.<\/span><\/p>\n<p><b>IL EST ENTENDU QUE LA MISE EN \u0152UVRE DES EXERCICES ET JEUX PR\u00c9SENT\u00c9S DANS L&#8217;APPLICATION EST EFFECTU\u00c9E AUX RISQUES ET P\u00c9RILS DE L&#8217;UTILISATEUR, SOUS SA SEULE RESPONSABILIT\u00c9.<\/b><\/p>\n<h3><b>4. UTILISATION DE L&#8217;APPLICATION ET DES SERVICES ASSOCI\u00c9S<\/b><\/h3>\n<p><b>4.1 Cr\u00e9ation de compte<\/b><\/p>\n<p><span style=\"font-weight: 400;\">L\u2019utilisation de l\u2019Application peut n\u00e9cessiter la cr\u00e9ation d\u2019un compte utilisateur, qui permet notamment :<\/span><\/p>\n<ul>\n<li style=\"font-weight: 400;\" aria-level=\"1\"><span style=\"font-weight: 400;\">D\u2019acc\u00e9der \u00e0 l\u2019Application<\/span><\/li>\n<li style=\"font-weight: 400;\" aria-level=\"1\"><span style=\"font-weight: 400;\">D\u2019acc\u00e9der \u00e0 la base de donn\u00e9es de l\u2019Application<\/span><\/li>\n<li style=\"font-weight: 400;\" aria-level=\"1\"><span style=\"font-weight: 400;\">De g\u00e9rer les fonctionnalit\u00e9s payantes de l\u2019Application<\/span><\/li>\n<li style=\"font-weight: 400;\" aria-level=\"1\"><span style=\"font-weight: 400;\">De r\u00e9cup\u00e9rer son mot de passe en cas de perte ou d\u2019oubli.\u00a0<\/span><\/li>\n<\/ul>\n<p><span style=\"font-weight: 400;\">La cr\u00e9ation d&#8217;un compte suppose la fourniture de donn\u00e9es \u00e0 caract\u00e8re personnel, dont la collecte et le traitement sont explicit\u00e9s au sein de la Charte de confidentialit\u00e9 de KINVENT BIOM\u00c9CANIQUE.<\/span><\/p>\n<p><b>4.2 Suppression de compte<\/b><\/p>\n<p><span style=\"font-weight: 400;\">L\u2019Utilisateur peut demander la suppression de son compte \u00e0 tout moment, sur simple demande par e-mail \u00e0 l\u2019adresse : <\/span><a href=\"mailto:assistance@k-invent.com\"><span style=\"font-weight: 400;\">assistance@k-invent.com<\/span><\/a><span style=\"font-weight: 400;\">.<\/span><\/p>\n<p><span style=\"font-weight: 400;\">KINVENT BIOMECANIQUE se r\u00e9serve le droit de mettre un terme ou de suspendre tout compte, ou de faire usage de moyens op\u00e9rationnels, technologiques, juridiques ou autres en cas de non-respect des CGU (y compris de bloquer des adresses IP sp\u00e9cifiques) \u00e0 tout moment, sans engager sa responsabilit\u00e9, et sans devoir avertir pr\u00e9alablement les utilisateurs concern\u00e9s.<\/span><\/p>\n<h3><b>5.\u00a0 TRAITEMENT DES DONNEES A CARACTERE PERSONNEL<\/b><\/h3>\n<p><span style=\"font-weight: 400;\">Veuillez vous ref\u00e9rer \u00e0 la charte de confidentialit\u00e9 de KINVENT BIOMECANIQUE afin d&#8217;obtenir des informations sur les modalit\u00e9s de collecte et de traitement de donn\u00e9es \u00e0 caract\u00e8re personnel dans le cadre de l&#8217;Application, ainsi que sur les droits dont disposent les Utilisateurs \u00e0 cet \u00e9gard.<\/span><\/p>\n<h3><b>6. RESPONSABILITE<\/b><\/h3>\n<p><b>Limitation de responsabilit\u00e9 de KINVENT BIOMECANIQUE<\/b><\/p>\n<p><span style=\"font-weight: 400;\">Sous r\u00e9serve des dispositions l\u00e9gales imp\u00e9ratives contraires, KINVENT BIOMECANIQUE n&#8217;est responsable que des fautes qu&#8217;elle a personnellement commises et qui auraient donn\u00e9 lieu \u00e0 un pr\u00e9judice indemnisable dans les conditions \u00e9nonc\u00e9es par le Code civil. L&#8217;obligation qui p\u00e8se sur KINVENT BIOMECANIQUE d&#8217;indemniser un tel pr\u00e9judice est limit\u00e9e aux seuls dommages mat\u00e9riels et directs, dans la limite de 100 (cent) euros.<\/span><\/p>\n<p><b>Exclusion de responsabilit\u00e9 de KINVENT BIOMECANIQUE<\/b><\/p>\n<p><span style=\"font-weight: 400;\">KINVENT BIOMECANIQUE d\u00e9cline toute responsabilit\u00e9 sur le contenu fourni par les Utilisateurs, notamment les donn\u00e9es personnelles des patients et les donn\u00e9es entr\u00e9es dans les champs de saisie libre sur les fiches individuelles.<\/span><\/p>\n<p><b>Acc\u00e8s aux Services<\/b><\/p>\n<p><span style=\"font-weight: 400;\">KINVENT BIOMECANIQUE fait ses meilleurs efforts afin de permettre le bon fonctionnement des Services. Afin d\u2019effectuer la maintenance et\/ou de les am\u00e9liorer, ces derniers sont susceptibles d\u2019\u00eatre suspendus pour de courtes p\u00e9riodes.\u00a0<\/span><\/p>\n<p><span style=\"font-weight: 400;\">Pour autant, KINVENT BIOMECANIQUE n\u2019est tenue qu\u2019\u00e0 une obligation de moyens et ne saurait \u00eatre tenue responsable des dommages directs ou indirects qui r\u00e9sulteraient de l\u2019interruption, de la suspension, de la modification ou du mauvais fonctionnement des Services.<\/span><\/p>\n<p><b>Comportement des Utilisateurs<\/b><\/p>\n<p><span style=\"font-weight: 400;\">L\u2019Utilisateur d\u00e9clare disposer de la comp\u00e9tence et des moyens techniques n\u00e9cessaires pour utiliser l\u2019Application et les Services associ\u00e9s.<\/span><\/p>\n<p><b>L&#8217;UTILISATEUR EST INFORM\u00c9 QUE L&#8217;UTILISATION DE L&#8217;APPLICATION PEUT SUPPOSER LA MISE EN \u0152UVRE D&#8217;EXERCICES PHYSIQUES. L&#8217;UTILISATEUR D\u00c9CLARE QU&#8217;IL DISPOSE DES CAPACIT\u00c9S PHYSIQUES ET MOTRICES LUI PERMETTANT D&#8217;EFFECTUER CES EXERCICES.<\/b><\/p>\n<p><b>KINVENT<\/b> <b>BIOMECANIQUE N&#8217;\u00c9TANT PAS EN MESURE DE V\u00c9RIFIER LES CAPACIT\u00c9S DES UTILISATEURS, IL EST ENTENDU QUE L\u2019UTILISATION DE L&#8217;APPLICATION ET\/OU DES SERVICES ASSOCIES EST EFFECTUEE AUX SEULS RISQUES DES UTILISATEURS, QUI SONT SEULS RESPONSABLES DE LEURS ACTIONS.\u00a0<\/b><\/p>\n<p><b>KINVENT BIOMECANIQUE DECLINE TOUTE RESPONSABILITE CONCERNANT L&#8217;USAGE DE L&#8217;APPLICATION ET DES SERVICES ASSOCI\u00c9S PAR LES UTILISATEURS.<\/b><\/p>\n<p><span style=\"font-weight: 400;\">Les Utilisateurs doivent utiliser les appareils KINVENT et l\u2019Application uniquement pour l\u2019usage auquel ils sont destin\u00e9s. Ce faisant, les utilisateurs doivent suivre les instructions de KINVENT BIOMECANIQUE.<\/span><\/p>\n<p><b>Informations disponibles<\/b><\/p>\n<p><span style=\"font-weight: 400;\">KINVENT BIOMECANIQUE ne saurait \u00eatre tenue pour responsable de l\u2019utilisation qui serait faite des informations pr\u00e9sentes sur l\u2019Application, ainsi que des cons\u00e9quences juridiques et\/ou financi\u00e8res que pourrait entra\u00eener l\u2019utilisation de ces informations.<\/span><\/p>\n<p><b>Perte de donn\u00e9es<\/b><\/p>\n<p><span style=\"font-weight: 400;\">KINVENT BIOMECANIQUE ne peut \u00eatre tenue pour responsable pour toute perte de donn\u00e9es fournies via les Services par les Utilisateurs.<\/span><\/p>\n<p><b>Liens externes<\/b><\/p>\n<p><span style=\"font-weight: 400;\">Le contenu des Services est susceptible de contenir des liens vers des sites Internet ou des sources de tierces parties. KINVENT BIOMECANIQUE n\u2019est responsable :<\/span><\/p>\n<ol>\n<li style=\"font-weight: 400;\" aria-level=\"1\"><span style=\"font-weight: 400;\">Ni de la disponibilit\u00e9 ou de l\u2019exactitude de tels sites ou sources<\/span><\/li>\n<li style=\"font-weight: 400;\" aria-level=\"1\"><span style=\"font-weight: 400;\">Ni du contenu, des produits ou services disponibles sur ou \u00e0 partir de tels sites ou sources.<\/span><\/li>\n<\/ol>\n<p><span style=\"font-weight: 400;\">L\u2019affichage de liens hypertextes vers des sites ou sources externes ne constitue en aucun cas une approbation de la part de KINVENT BIOMECANIQUE du contenu de ces sites ou sources. Les Utilisateurs assument l\u2019enti\u00e8re responsabilit\u00e9 de leur utilisation de tels sites ou sources.<\/span><\/p>\n<p><b>Responsabilit\u00e9 de l&#8217;Utilisateur<\/b><\/p>\n<p><span style=\"font-weight: 400;\">Les donn\u00e9es personnelles des patients collect\u00e9es par l\u2019Utilisateur sont trait\u00e9es sous la seule responsabilit\u00e9 de l\u2019Utilisateur. L\u2019Utilisateur est responsable d\u2019obtenir l\u2019accord de ses patients pour le traitement de leurs donn\u00e9es. L\u2019Utilisateur est responsable d\u2019informer ses patients de leurs droits.<\/span><\/p>\n<p><span style=\"font-weight: 400;\">Lorsque les donn\u00e9es sont enregistr\u00e9es uniquement sur le dispositif mobile de l\u2019Utilisateur, l\u2019Utilisateur est responsable d\u2019en assurer la s\u00e9curit\u00e9.<\/span><\/p>\n<p><span style=\"font-weight: 400;\">Lorsque l\u2019Utilisateur utilise les services payants de KINVENT BIOMECANIQUE pour stocker les donn\u00e9es (souscription), l\u2019Utilisateur est responsable d\u2019informer et d\u2019obtenir l\u2019accord de ses patients pour le traitement de leurs donn\u00e9es.\u00a0<\/span><\/p>\n<ol start=\"7\">\n<li><b> GARANTIES<\/b><\/li>\n<\/ol>\n<p><span style=\"font-weight: 400;\">Sous r\u00e9serve des dispositions l\u00e9gales imp\u00e9ratives contraires, l&#8217;Application et les Services associ\u00e9s sont fournis par KINVENT BIOMECANIQUE sans aucune garantie. En particulier, KINVENT BIOMECANIQUE ne garantit pas que l&#8217;usage de l&#8217;Application et des Services associ\u00e9s est conforme aux attentes de l&#8217;Utilisateur, qui d\u00e9cide seul et sous sa seule responsabilit\u00e9 de les utiliser.\u00a0<\/span><\/p>\n<p><span style=\"font-weight: 400;\">De m\u00eame, KINVENT BIOMECANIQUE ne garantit pas que l&#8217;utilisation de l&#8217;Application sera ininterrompue ni qu&#8217;elle corrigera toute erreur de fonctionnement affectant l&#8217;Application et\/ou les Services associ\u00e9s. \u00c0 cet \u00e9gard, KINVENT BIOMECANIQUE n&#8217;est tenue \u00e0 aucune obligation de maintenance.\u00a0<\/span><\/p>\n<ol start=\"8\">\n<li><b> PROPRI\u00c9T\u00c9 INTELLECTUELLE<\/b><\/li>\n<\/ol>\n<p><span style=\"font-weight: 400;\">L&#8217;Application et l&#8217;ensemble de ses \u00e9l\u00e9ments et notamment son contenu, \u00e0 l\u2019exception des donn\u00e9es entr\u00e9es par les Utilisateurs, sont originaux au sens de la l\u00e9gislation fran\u00e7aise sur le droit d\u2019auteur et la propri\u00e9t\u00e9 intellectuelle, ce que l&#8217;Utilisateur reconna\u00eet express\u00e9ment.<\/span><\/p>\n<p><span style=\"font-weight: 400;\">Sous r\u00e9serve des contenus fournis par les Utilisateurs, KINVENT BIOMECANIQUE est propri\u00e9taire ou titulaire d\u2019une licence sur l\u2019ensemble des \u00e9l\u00e9ments relatifs \u00e0 l\u2019Application.\u00a0<\/span><\/p>\n<p><span style=\"font-weight: 400;\">Tout Utilisateur ne dispose que d&#8217;un strict droit d&#8217;usage de l&#8217;Application, pendant la seule dur\u00e9e de l&#8217;abonnement souscrit. Ainsi, toute reproduction de tout ou partie de l&#8217;Application et\/ou son contenu (autre que techniquement n\u00e9cessaire \u00e0 sa consultation) sur un support quel qu\u2019il soit est express\u00e9ment interdite, y compris dans le but de d\u00e9velopper une application directement ou indirectement concurrente de l&#8217;Application.<\/span><\/p>\n<p><span style=\"font-weight: 400;\">L\u2019Application est prot\u00e9g\u00e9e par cryptographie. La suppression ou la neutralisation illicite de tout dispositif technique prot\u00e9geant l\u2019Application est passible des sanctions pr\u00e9vues en cas de contrefa\u00e7on.<\/span><\/p>\n<p><span style=\"font-weight: 400;\">L\u2019utilisation du contenu de l\u2019application en contravention avec ces prescriptions vaut contrefa\u00e7on au sens de l\u2019article L. 335-2 du Code de la propri\u00e9t\u00e9 intellectuelle. Outre des dommages et int\u00e9r\u00eats au titre de la responsabilit\u00e9 civile, celle-ci peut \u00eatre p\u00e9nalement sanctionn\u00e9e de 300.000 euros d\u2019amende et\/ou de 3 ans d\u2019emprisonnement. Pour d\u2019autres utilisations, merci de prendre contact avec KINVENT BIOMECANIQUE.<\/span><\/p>\n<h3><b>9. DIVERS<\/b><\/h3>\n<p><span style=\"font-weight: 400;\">KINVENT BIOMECANIQUE se r\u00e9serve le droit de modifier, changer ou apporter des modifications aux CGU \u00e0 tout moment. Le cas \u00e9ch\u00e9ant, les modifications appara\u00eetront sur cette page et la date d\u2019entr\u00e9e en vigueur des mises \u00e0 jour sera indiqu\u00e9e en haut de ces CGU. En continuant d\u2019utiliser les Services suite \u00e0 une modification, l\u2019Utilisateur sera soumis aux stipulations des CGU mises \u00e0 jour.<\/span><\/p>\n<p><span style=\"font-weight: 400;\">Le fait pour l\u2019une des Parties de ne pas se pr\u00e9valoir de ses droits aff\u00e9rents \u00e0 l\u2019une quelconque des stipulations des CGU, n\u2019affecte en rien le droit de s\u2019en pr\u00e9valoir ult\u00e9rieurement, \u00e0 tout moment.<\/span><\/p>\n<p><span style=\"font-weight: 400;\">Le fait pour l\u2019une des Parties de ne pas se pr\u00e9valoir de la violation de l\u2019une quelconque des stipulations des CGU, ne vaut ni renonciation \u00e0 se pr\u00e9valoir ult\u00e9rieurement de cette violation ou d\u2019une nouvelle violation, ni renonciation \u00e0 la stipulation elle-m\u00eame.<\/span><\/p>\n<p><span style=\"font-weight: 400;\">Une pratique s\u2019\u00e9cartant des dispositions des CGU, quand bien m\u00eame elle aurait perdur\u00e9 un certain temps, n\u2019emp\u00eache pas l\u2019une des Parties de demander l\u2019application fid\u00e8le et litt\u00e9rale des dispositions des CGU.<\/span><\/p>\n<p><span style=\"font-weight: 400;\">Si l\u2019une quelconque des dispositions des CGU \u00e9tait d\u00e9clar\u00e9e nulle ou invalide, cette disposition serait consid\u00e9r\u00e9e comme s\u00e9parable et les autres dispositions garderaient leur plein effet.<\/span><\/p>\n<h3><b>10.\u00a0 DROIT APPLICABLE ET JURIDICTION COMPETENTE \u2013 LANGUE<\/b><\/h3>\n<p><span style=\"font-weight: 400;\">Les CGU sont soumises au droit fran\u00e7ais.<\/span><\/p>\n<p><span style=\"font-weight: 400;\">Sous r\u00e9serve des dispositions d\u2019ordre public applicables en mati\u00e8re de comp\u00e9tence juridictionnelle, <\/span><b>LES JURIDICTIONS DE MONTPELLIER<\/b><span style=\"font-weight: 400;\"> seront seules comp\u00e9tentes pour conna\u00eetre de tout litige relatif aux CGU, y compris, sans que cette \u00e9num\u00e9ration soit limitative, tout litige relatif \u00e0 leur validit\u00e9, leur interpr\u00e9tation, leur ex\u00e9cution et\/ou leur r\u00e9siliation et ses cons\u00e9quences.<\/span><\/p>\n<p><span style=\"font-weight: 400;\">En cas de divergence d\u2019interpr\u00e9tation, seule la version fran\u00e7aise des CGU fait foi.<\/span><\/p>\n<p><span style=\"font-weight: 400;\">* * *\u00a0<\/span><\/p>\n<p><span style=\"font-weight: 400;\">Version du 8 f\u00e9vrier 2023\u00a0<\/span><\/p>\n<p>[\/vc_column_text][\/vc_column][\/vc_row]<\/p>\n<\/div>","protected":false},"excerpt":{"rendered":"<p>[vc_row][vc_column][vc_column_text] CONDITIONS G\u00c9N\u00c9RALES D\u2019UTILISATION Les pr\u00e9sentes conditions g\u00e9n\u00e9rales d&#8217;utilisation (les &#8220;CGU&#8221;) sont soumises par la soci\u00e9t\u00e9 KINVENT BIOMECANIQUE, soci\u00e9t\u00e9 par actions simplifi\u00e9e au capital<span class=\"excerpt-hellip\"> [\u2026]<\/span><\/p>\n","protected":false},"author":4,"featured_media":0,"parent":0,"menu_order":0,"comment_status":"closed","ping_status":"closed","template":"","meta":{"footnotes":""},"class_list":["post-4696","page","type-page","status-publish","hentry"],"_links":{"self":[{"href":"https:\/\/k-invent.com\/fr\/wp-json\/wp\/v2\/pages\/4696","targetHints":{"allow":["GET"]}}],"collection":[{"href":"https:\/\/k-invent.com\/fr\/wp-json\/wp\/v2\/pages"}],"about":[{"href":"https:\/\/k-invent.com\/fr\/wp-json\/wp\/v2\/types\/page"}],"author":[{"embeddable":true,"href":"https:\/\/k-invent.com\/fr\/wp-json\/wp\/v2\/users\/4"}],"replies":[{"embeddable":true,"href":"https:\/\/k-invent.com\/fr\/wp-json\/wp\/v2\/comments?post=4696"}],"version-history":[{"count":0,"href":"https:\/\/k-invent.com\/fr\/wp-json\/wp\/v2\/pages\/4696\/revisions"}],"wp:attachment":[{"href":"https:\/\/k-invent.com\/fr\/wp-json\/wp\/v2\/media?parent=4696"}],"curies":[{"name":"wp","href":"https:\/\/api.w.org\/{rel}","templated":true}]}}