{"id":4681,"date":"2020-03-27T15:57:28","date_gmt":"2020-03-27T14:57:28","guid":{"rendered":"https:\/\/k-invent.com\/privacy-policy\/"},"modified":"2024-11-14T11:58:38","modified_gmt":"2024-11-14T10:58:38","slug":"politique-confidentialite","status":"publish","type":"page","link":"https:\/\/k-invent.com\/fr\/politique-confidentialite\/","title":{"rendered":"Politique de confidentialit\u00e9"},"content":{"rendered":"<div class=\"wpb-content-wrapper\"><p>[vc_row][vc_column][vc_column_text]<\/p>\r\n<h1><b>CHARTE DE CONFIDENTIALIT\u00c9<\/b><\/h1>\r\n<p><strong>Derni\u00e8re mise \u00e0 jour : octobre 2024<\/strong><\/p>\r\n<p>&nbsp;<\/p>\r\n<p>Dans le cadre de votre acc\u00e8s et navigation sur le pr\u00e9sent site internet (ci-apr\u00e8s le \u00ab<strong>\u00a0Site\u00a0<\/strong>\u00bb), vous \u00eates amen\u00e9 \u00e0 communiquer des donn\u00e9es personnelles vous concernant \u00e0 la soci\u00e9t\u00e9 KINVENT Biom\u00e9canique en sa qualit\u00e9 de responsable de traitement (ci-apr\u00e8s \u00ab\u00a0<strong>KINVENT<\/strong>\u00a0\u00bb, \u00ab\u00a0<strong>nous\u00a0<\/strong>\u00bb, \u00ab\u00a0<strong>notre<\/strong>\u00a0\u00bb, \u00ab\u00a0<strong>nos<\/strong>\u00a0\u00bb). Le Site pr\u00e9sente et propose \u00e0 la vente des solutions\u00a0<strong>K<\/strong>INVENT destin\u00e9es aux kin\u00e9sith\u00e9rapeutes et professionnels de la r\u00e9\u00e9ducation pour les aider \u00e0 suivre et \u00e9valuer les progr\u00e8s de leurs patients.<\/p>\r\n<p>&nbsp;<\/p>\r\n<p>Nous vous remercions de bien vouloir prendre connaissance de la pr\u00e9sente charte de confidentialit\u00e9 vous expliquant comment vos donn\u00e9es personnelles sont utilis\u00e9es par\u00a0<strong>K<\/strong>INVENT et comment exercer vos droits en la mati\u00e8re. La pr\u00e9sente charte de confidentialit\u00e9 compl\u00e8te tout document ou mention d\u2019information y renvoyant.<\/p>\r\n<p>&nbsp;<\/p>\r\n<p><strong>Si vous avez des questions sur le traitement de vos donn\u00e9es personnelles par KINVENT, nous vous invitons \u00e0 :<\/strong><\/p>\r\n<ul>\r\n<li><strong>adresser un email \u00e0 notre D\u00e9l\u00e9gu\u00e9 \u00e0 la Protection des Donn\u00e9es (DPO) \u00e0 l\u2019adresse\u00a0<\/strong><a href=\"mailto:dpo@kinvent.com\"><strong>dpo@kinvent.com<\/strong><\/a>\u00a0; ou<\/li>\r\n<li><strong>\u00e9crire \u00e0 KINVENT BIOM\u00c9CANIQUE \u2013 6 Rue de Pommessargues Zac Eureka \u2013 Immeuble Apollo A, 34000 Montpellier (France)<\/strong>.<\/li>\r\n<\/ul>\r\n<h2>\u00a0<\/h2>\r\n<h2>1. QUELLES DONN\u00c9ES PERSONNELLES SONT SUSCEPTIBLES D\u2019\u00caTRE TRAIT\u00c9ES PAR KINVENT SUR LE SITE<\/h2>\r\n<p>En fonction de la nature de votre relation avec\u00a0<strong>K<\/strong>INVENT (client ou prospect), nous pouvons collecter les donn\u00e9es personnelles suivantes vous concernant :<\/p>\r\n<p><img fetchpriority=\"high\" decoding=\"async\" class=\"alignnone size-medium wp-image-4201\" src=\"https:\/\/physio.kinvent.com\/app\/uploads\/sites\/2\/2024\/10\/Screenshot-2024-10-15-155901-650x399.png\" sizes=\"(max-width: 650px) 100vw, 650px\" srcset=\"https:\/\/physio.kinvent.com\/app\/uploads\/sites\/2\/2024\/10\/Screenshot-2024-10-15-155901-650x399.png 650w, https:\/\/physio.kinvent.com\/app\/uploads\/sites\/2\/2024\/10\/Screenshot-2024-10-15-155901-768x472.png 768w, https:\/\/physio.kinvent.com\/app\/uploads\/sites\/2\/2024\/10\/Screenshot-2024-10-15-155901-100x61.png 100w, https:\/\/physio.kinvent.com\/app\/uploads\/sites\/2\/2024\/10\/Screenshot-2024-10-15-155901-280x172.png 280w, https:\/\/physio.kinvent.com\/app\/uploads\/sites\/2\/2024\/10\/Screenshot-2024-10-15-155901-200x123.png 200w, https:\/\/physio.kinvent.com\/app\/uploads\/sites\/2\/2024\/10\/Screenshot-2024-10-15-155901-700x430.png 700w, https:\/\/physio.kinvent.com\/app\/uploads\/sites\/2\/2024\/10\/Screenshot-2024-10-15-155901-240x147.png 240w, https:\/\/physio.kinvent.com\/app\/uploads\/sites\/2\/2024\/10\/Screenshot-2024-10-15-155901-330x203.png 330w, https:\/\/physio.kinvent.com\/app\/uploads\/sites\/2\/2024\/10\/Screenshot-2024-10-15-155901.png 785w\" alt=\"\" width=\"650\" height=\"399\" \/><\/p>\r\n<p>&nbsp;<\/p>\r\n<p>Certaines de ces donn\u00e9es sont obligatoires, d\u2019autres facultatives. Le caract\u00e8re obligatoire ou facultatif des donn\u00e9es personnelles \u00e0 renseigner est signal\u00e9 au moment de la collecte. Si vous refusez de fournir les donn\u00e9es obligatoires demand\u00e9es,\u00a0<strong>K<\/strong>INVENT ne sera pas en mesure de donner suite \u00e0 votre demande.<\/p>\r\n<p>&nbsp;<\/p>\r\n<p>Par ailleurs, certaines donn\u00e9es sont automatiquement collect\u00e9es par le Site<em>\u00a0via<\/em>\u00a0des cookies et autres traceurs, \u00e0 savoir :<\/p>\r\n<p><img decoding=\"async\" class=\"alignnone size-medium wp-image-4202\" src=\"https:\/\/physio.kinvent.com\/app\/uploads\/sites\/2\/2024\/10\/Screenshot-2024-10-15-160548-650x185.png\" sizes=\"(max-width: 650px) 100vw, 650px\" srcset=\"https:\/\/physio.kinvent.com\/app\/uploads\/sites\/2\/2024\/10\/Screenshot-2024-10-15-160548-650x185.png 650w, https:\/\/physio.kinvent.com\/app\/uploads\/sites\/2\/2024\/10\/Screenshot-2024-10-15-160548-768x219.png 768w, https:\/\/physio.kinvent.com\/app\/uploads\/sites\/2\/2024\/10\/Screenshot-2024-10-15-160548-100x28.png 100w, https:\/\/physio.kinvent.com\/app\/uploads\/sites\/2\/2024\/10\/Screenshot-2024-10-15-160548-280x80.png 280w, https:\/\/physio.kinvent.com\/app\/uploads\/sites\/2\/2024\/10\/Screenshot-2024-10-15-160548-200x57.png 200w, https:\/\/physio.kinvent.com\/app\/uploads\/sites\/2\/2024\/10\/Screenshot-2024-10-15-160548-700x199.png 700w, https:\/\/physio.kinvent.com\/app\/uploads\/sites\/2\/2024\/10\/Screenshot-2024-10-15-160548-240x68.png 240w, https:\/\/physio.kinvent.com\/app\/uploads\/sites\/2\/2024\/10\/Screenshot-2024-10-15-160548-330x94.png 330w, https:\/\/physio.kinvent.com\/app\/uploads\/sites\/2\/2024\/10\/Screenshot-2024-10-15-160548.png 783w\" alt=\"\" width=\"650\" height=\"185\" \/><\/p>\r\n<p>&nbsp;<\/p>\r\n<h2>2. POURQUOI KINVENT UTILISE VOS DONN\u00c9ES PERSONNELLES ?<\/h2>\r\n<p>En fonction de la nature de votre relation avec<strong>\u00a0K<\/strong>INVENT (client ou prospect), nous pouvons utiliser vos donn\u00e9es personnelles pour les raisons suivantes\u00a0:<\/p>\r\n<p><img decoding=\"async\" class=\"alignnone  wp-image-4205\" src=\"https:\/\/physio.kinvent.com\/app\/uploads\/sites\/2\/2024\/10\/Screenshot-2024-10-15-162239.png\" sizes=\"(max-width: 648px) 100vw, 648px\" srcset=\"https:\/\/physio.kinvent.com\/app\/uploads\/sites\/2\/2024\/10\/Screenshot-2024-10-15-162239.png 562w, https:\/\/physio.kinvent.com\/app\/uploads\/sites\/2\/2024\/10\/Screenshot-2024-10-15-162239-100x32.png 100w, https:\/\/physio.kinvent.com\/app\/uploads\/sites\/2\/2024\/10\/Screenshot-2024-10-15-162239-280x91.png 280w, https:\/\/physio.kinvent.com\/app\/uploads\/sites\/2\/2024\/10\/Screenshot-2024-10-15-162239-200x65.png 200w, https:\/\/physio.kinvent.com\/app\/uploads\/sites\/2\/2024\/10\/Screenshot-2024-10-15-162239-240x78.png 240w, https:\/\/physio.kinvent.com\/app\/uploads\/sites\/2\/2024\/10\/Screenshot-2024-10-15-162239-330x107.png 330w\" alt=\"\" width=\"648\" height=\"210\" \/><\/p>\r\n<p><img loading=\"lazy\" decoding=\"async\" class=\"alignnone  wp-image-4207\" src=\"https:\/\/physio.kinvent.com\/app\/uploads\/sites\/2\/2024\/10\/Screenshot-2024-10-15-162542-469x650.png\" sizes=\"(max-width: 648px) 100vw, 648px\" srcset=\"https:\/\/physio.kinvent.com\/app\/uploads\/sites\/2\/2024\/10\/Screenshot-2024-10-15-162542-469x650.png 469w, https:\/\/physio.kinvent.com\/app\/uploads\/sites\/2\/2024\/10\/Screenshot-2024-10-15-162542-72x100.png 72w, https:\/\/physio.kinvent.com\/app\/uploads\/sites\/2\/2024\/10\/Screenshot-2024-10-15-162542-280x388.png 280w, https:\/\/physio.kinvent.com\/app\/uploads\/sites\/2\/2024\/10\/Screenshot-2024-10-15-162542-144x200.png 144w, https:\/\/physio.kinvent.com\/app\/uploads\/sites\/2\/2024\/10\/Screenshot-2024-10-15-162542-505x700.png 505w, https:\/\/physio.kinvent.com\/app\/uploads\/sites\/2\/2024\/10\/Screenshot-2024-10-15-162542-173x240.png 173w, https:\/\/physio.kinvent.com\/app\/uploads\/sites\/2\/2024\/10\/Screenshot-2024-10-15-162542-462x640.png 462w, https:\/\/physio.kinvent.com\/app\/uploads\/sites\/2\/2024\/10\/Screenshot-2024-10-15-162542-330x457.png 330w, https:\/\/physio.kinvent.com\/app\/uploads\/sites\/2\/2024\/10\/Screenshot-2024-10-15-162542.png 565w\" alt=\"\" width=\"648\" height=\"898\" \/><\/p>\r\n<p><img loading=\"lazy\" decoding=\"async\" class=\"alignnone  wp-image-4208\" src=\"https:\/\/physio.kinvent.com\/app\/uploads\/sites\/2\/2024\/10\/Screenshot-2024-10-15-162712.png\" sizes=\"(max-width: 648px) 100vw, 648px\" srcset=\"https:\/\/physio.kinvent.com\/app\/uploads\/sites\/2\/2024\/10\/Screenshot-2024-10-15-162712.png 566w, https:\/\/physio.kinvent.com\/app\/uploads\/sites\/2\/2024\/10\/Screenshot-2024-10-15-162712-100x83.png 100w, https:\/\/physio.kinvent.com\/app\/uploads\/sites\/2\/2024\/10\/Screenshot-2024-10-15-162712-280x232.png 280w, https:\/\/physio.kinvent.com\/app\/uploads\/sites\/2\/2024\/10\/Screenshot-2024-10-15-162712-200x165.png 200w, https:\/\/physio.kinvent.com\/app\/uploads\/sites\/2\/2024\/10\/Screenshot-2024-10-15-162712-240x198.png 240w, https:\/\/physio.kinvent.com\/app\/uploads\/sites\/2\/2024\/10\/Screenshot-2024-10-15-162712-330x273.png 330w\" alt=\"\" width=\"648\" height=\"536\" \/><\/p>\r\n<p>&nbsp;<\/p>\r\n<p>&nbsp;<\/p>\r\n<p>&nbsp;<\/p>\r\n<h2>3. QUI PEUT AVOIR ACC\u00c8S \u00c0 VOS DONN\u00c9ES PERSONNELLES ?<\/h2>\r\n<p>En fonction de la nature de votre relation avec<strong>\u00a0K<\/strong>INVENT (client ou prospect), vos donn\u00e9es personnelles peuvent \u00eatre communiqu\u00e9es aux destinataires suivants\u00a0:<\/p>\r\n<p><img loading=\"lazy\" decoding=\"async\" class=\"alignnone  wp-image-4209\" src=\"https:\/\/physio.kinvent.com\/app\/uploads\/sites\/2\/2024\/10\/Screenshot-2024-10-15-162848-488x650.png\" sizes=\"(max-width: 653px) 100vw, 653px\" srcset=\"https:\/\/physio.kinvent.com\/app\/uploads\/sites\/2\/2024\/10\/Screenshot-2024-10-15-162848-488x650.png 488w, https:\/\/physio.kinvent.com\/app\/uploads\/sites\/2\/2024\/10\/Screenshot-2024-10-15-162848-75x100.png 75w, https:\/\/physio.kinvent.com\/app\/uploads\/sites\/2\/2024\/10\/Screenshot-2024-10-15-162848-280x373.png 280w, https:\/\/physio.kinvent.com\/app\/uploads\/sites\/2\/2024\/10\/Screenshot-2024-10-15-162848-150x200.png 150w, https:\/\/physio.kinvent.com\/app\/uploads\/sites\/2\/2024\/10\/Screenshot-2024-10-15-162848-525x700.png 525w, https:\/\/physio.kinvent.com\/app\/uploads\/sites\/2\/2024\/10\/Screenshot-2024-10-15-162848-180x240.png 180w, https:\/\/physio.kinvent.com\/app\/uploads\/sites\/2\/2024\/10\/Screenshot-2024-10-15-162848-480x640.png 480w, https:\/\/physio.kinvent.com\/app\/uploads\/sites\/2\/2024\/10\/Screenshot-2024-10-15-162848-330x440.png 330w, https:\/\/physio.kinvent.com\/app\/uploads\/sites\/2\/2024\/10\/Screenshot-2024-10-15-162848.png 572w\" alt=\"\" width=\"653\" height=\"870\" \/><\/p>\r\n<p>&nbsp;<\/p>\r\n<h2>4. VOS DONN\u00c9ES PERSONNELLES SONT-ELLES TRANSF\u00c9R\u00c9ES EN DEHORS DE L\u2019UNION EUROP\u00c9ENNE ?<\/h2>\r\n<p>Dans la mesure du possible, vos donn\u00e9es sont trait\u00e9es au sein de l\u2019Union europ\u00e9enne. Toutefois,\u00a0\u00a0<strong>K<\/strong>INVENT peut recourir \u00e0 des prestataires situ\u00e9s hors de l\u2019Union Europ\u00e9enne pour des raisons\u00a0 techniques et logistiques, impliquant un transfert de vos donn\u00e9es personnelles vers un pays tiers.<\/p>\r\n<p>&nbsp;<\/p>\r\n<p>Dans l\u2019hypoth\u00e8se o\u00f9 le pays tiers n\u2019assurerait pas un niveau de protection des donn\u00e9es personnelles\u00a0 \u00e9quivalent \u00e0 celui de l\u2019Union europ\u00e9enne,\u00a0<strong>K<\/strong>INVENT mettra en place les garanties l\u00e9gales et\/ou contractuelles appropri\u00e9es (notamment des clauses contractuelles types) pour assurer la protection\u00a0 de vos donn\u00e9es personnelles et de vos droits.<\/p>\r\n<p><strong>Pour plus d\u2019information sur les pays tiers vers lesquels vos donn\u00e9es personnelles sont\u00a0 potentiellement transf\u00e9r\u00e9es et les garanties associ\u00e9es, nous vous invitons \u00e0 contacter notre D\u00e9l\u00e9gu\u00e9 \u00e0 la Protection des Donn\u00e9es (DPO) par email \u00e0 l\u2019adresse\u00a0<\/strong><a href=\"mailto:dpo@kinvent.com\">dpo@kinvent.com<\/a><\/p>\r\n<p>&nbsp;<\/p>\r\n<h2><b>5. COMMENT KINVENT PROT\u00c8GE VOS DONN\u00c9ES PERSONNELLES ?<\/b><\/h2>\r\n<p><strong>K<\/strong>INVENT a mis en place des mesures techniques et organisationnelles afin de prot\u00e9ger vos donn\u00e9es personnelles, notamment contre d\u2019\u00e9ventuelles violations susceptibles d\u2019entra\u00eener, de mani\u00e8re accidentelle ou illicite, la destruction, la perte, l\u2019alt\u00e9ration, l\u2019acc\u00e8s ou la divulgation non autoris\u00e9e de vos donn\u00e9es personnelles. Ces mesures assurent un niveau de s\u00e9curit\u00e9 appropri\u00e9 des donn\u00e9es et tiennent compte de l\u2019\u00e9tat des connaissances, des co\u00fbts de mise en \u0153uvre par rapport aux risques et \u00e0 la nature des donn\u00e9es \u00e0 prot\u00e9ger.<\/p>\r\n<p><strong>Si vous identifiez une vuln\u00e9rabilit\u00e9 ou un incident de s\u00e9curit\u00e9\u00a0 sur le Site, nous vous invitons \u00e0 contacter notre D\u00e9l\u00e9gu\u00e9\u00a0 \u00e0 la Protection des Donn\u00e9es (DPO) par email \u00e0 l\u2019adresse\u00a0<\/strong><a href=\"mailto:dpo@kinvent.com\">dpo@kinvent.com<\/a><\/p>\r\n<p>&nbsp;<\/p>\r\n<h2>6. COMBIEN DE TEMPS VOS DONN\u00c9ES PERSONNELLES SONT CONSERV\u00c9ES ?<\/h2>\r\n<p>Vos donn\u00e9es personnelles ne seront conserv\u00e9es que pendant la p\u00e9riode n\u00e9cessaire pour atteindre les finalit\u00e9s pour lesquelles ces donn\u00e9es ont \u00e9t\u00e9 collect\u00e9es ou pour se conformer \u00e0 des exigences l\u00e9gales ou r\u00e9glementaires applicables.<\/p>\r\n<p>&nbsp;<\/p>\r\n<p>Ainsi,\u00a0<strong>K<\/strong>INVENT conserve en base active\u00a0:<\/p>\r\n<ul>\r\n<li>les donn\u00e9es relatives \u00e0 votre compte client (incluant les informations relatives \u00e0 vos commandes le cas \u00e9ch\u00e9ant) : jusqu\u2019\u00e0 la fin de notre relation commerciale.<\/li>\r\n<li>les donn\u00e9es relatives \u00e0 votre demande en ligne (ex : demande de d\u00e9monstration des olutions\u00a0<strong>K<\/strong>INVENT, demande de renseignement sur les solutions\u00a0<strong>K<\/strong>INVENT, r\u00e9clamation, etc.) : jusqu\u2019au traitement complet de celle-ci par les \u00e9quipes\u00a0<strong>K<\/strong><\/li>\r\n<li>les donn\u00e9es relatives \u00e0 votre participation \u00e0 une op\u00e9ration promotionnelle\u00a0: jusqu\u2019\u00e0 la fin de l\u2019op\u00e9ration promotionnelle concern\u00e9e.<\/li>\r\n<li>les donn\u00e9es de connexion et de navigation\u00a0: pendant treize (13) mois.<\/li>\r\n<\/ul>\r\n<p>&nbsp;<\/p>\r\n<p>Au-del\u00e0 de ces p\u00e9riodes, vos donn\u00e9es sont conserv\u00e9es\u00a0en base interm\u00e9diaire :<\/p>\r\n<ul>\r\n<li>pendant trois (3) ans \u00e0 compter de la fin de notre relation pour les donn\u00e9es conserv\u00e9es \u00e0 des fins de prospection commerciale.<\/li>\r\n<li>pendant dix (10) ans \u00e0 compter de la fin de l\u2019ann\u00e9e fiscale en cours pour les donn\u00e9es conserv\u00e9es \u00e0 des fins comptables ;<\/li>\r\n<li>pendant toute autre dur\u00e9e l\u00e9gale obligatoire s\u2019imposant \u00e0\u00a0<strong>K<\/strong>INVENT le cas \u00e9ch\u00e9ant, notamment en cas de rappel des solutions\u00a0<strong>K<\/strong>INVENT;<\/li>\r\n<li>jusqu\u2019\u00e0 la fin du d\u00e9lai de prescription applicable pour les donn\u00e9es conserv\u00e9es \u00e0 des fins de preuve, \u00e9tant pr\u00e9cis\u00e9 que le d\u00e9lai de prescription de droit commun en mati\u00e8re civile et commerciale est de cinq (5) ans.<\/li>\r\n<\/ul>\r\n<p>&nbsp;<\/p>\r\n<h2>7. QUELS SONT VOS DROITS SUR VOS DONN\u00c9ES PERSONNELLES ?<\/h2>\r\n<p>Conform\u00e9ment \u00e0 la r\u00e9glementation relative \u00e0 la protection des donn\u00e9es personnelles, vous disposez des droits suivants sur vos donn\u00e9es personnelles\u00a0:<\/p>\r\n<p><img loading=\"lazy\" decoding=\"async\" class=\"alignnone  wp-image-4210\" src=\"https:\/\/physio.kinvent.com\/app\/uploads\/sites\/2\/2024\/10\/Screenshot-2024-10-15-163023-522x650.png\" sizes=\"(max-width: 633px) 100vw, 633px\" srcset=\"https:\/\/physio.kinvent.com\/app\/uploads\/sites\/2\/2024\/10\/Screenshot-2024-10-15-163023-522x650.png 522w, https:\/\/physio.kinvent.com\/app\/uploads\/sites\/2\/2024\/10\/Screenshot-2024-10-15-163023-80x100.png 80w, https:\/\/physio.kinvent.com\/app\/uploads\/sites\/2\/2024\/10\/Screenshot-2024-10-15-163023-280x349.png 280w, https:\/\/physio.kinvent.com\/app\/uploads\/sites\/2\/2024\/10\/Screenshot-2024-10-15-163023-160x200.png 160w, https:\/\/physio.kinvent.com\/app\/uploads\/sites\/2\/2024\/10\/Screenshot-2024-10-15-163023-193x240.png 193w, https:\/\/physio.kinvent.com\/app\/uploads\/sites\/2\/2024\/10\/Screenshot-2024-10-15-163023-513x640.png 513w, https:\/\/physio.kinvent.com\/app\/uploads\/sites\/2\/2024\/10\/Screenshot-2024-10-15-163023-330x411.png 330w, https:\/\/physio.kinvent.com\/app\/uploads\/sites\/2\/2024\/10\/Screenshot-2024-10-15-163023.png 552w\" alt=\"\" width=\"633\" height=\"788\" \/><\/p>\r\n<p><img loading=\"lazy\" decoding=\"async\" class=\"alignnone  wp-image-4211\" src=\"https:\/\/physio.kinvent.com\/app\/uploads\/sites\/2\/2024\/10\/Screenshot-2024-10-15-163416-478x650.png\" sizes=\"(max-width: 630px) 100vw, 630px\" srcset=\"https:\/\/physio.kinvent.com\/app\/uploads\/sites\/2\/2024\/10\/Screenshot-2024-10-15-163416-478x650.png 478w, https:\/\/physio.kinvent.com\/app\/uploads\/sites\/2\/2024\/10\/Screenshot-2024-10-15-163416-74x100.png 74w, https:\/\/physio.kinvent.com\/app\/uploads\/sites\/2\/2024\/10\/Screenshot-2024-10-15-163416-280x381.png 280w, https:\/\/physio.kinvent.com\/app\/uploads\/sites\/2\/2024\/10\/Screenshot-2024-10-15-163416-147x200.png 147w, https:\/\/physio.kinvent.com\/app\/uploads\/sites\/2\/2024\/10\/Screenshot-2024-10-15-163416-515x700.png 515w, https:\/\/physio.kinvent.com\/app\/uploads\/sites\/2\/2024\/10\/Screenshot-2024-10-15-163416-176x240.png 176w, https:\/\/physio.kinvent.com\/app\/uploads\/sites\/2\/2024\/10\/Screenshot-2024-10-15-163416-471x640.png 471w, https:\/\/physio.kinvent.com\/app\/uploads\/sites\/2\/2024\/10\/Screenshot-2024-10-15-163416-330x449.png 330w, https:\/\/physio.kinvent.com\/app\/uploads\/sites\/2\/2024\/10\/Screenshot-2024-10-15-163416.png 550w\" alt=\"\" width=\"630\" height=\"857\" \/><\/p>\r\n<p><img loading=\"lazy\" decoding=\"async\" class=\"alignnone  wp-image-4212\" src=\"https:\/\/physio.kinvent.com\/app\/uploads\/sites\/2\/2024\/10\/Screenshot-2024-10-15-163605.png\" sizes=\"(max-width: 630px) 100vw, 630px\" srcset=\"https:\/\/physio.kinvent.com\/app\/uploads\/sites\/2\/2024\/10\/Screenshot-2024-10-15-163605.png 547w, https:\/\/physio.kinvent.com\/app\/uploads\/sites\/2\/2024\/10\/Screenshot-2024-10-15-163605-100x48.png 100w, https:\/\/physio.kinvent.com\/app\/uploads\/sites\/2\/2024\/10\/Screenshot-2024-10-15-163605-280x135.png 280w, https:\/\/physio.kinvent.com\/app\/uploads\/sites\/2\/2024\/10\/Screenshot-2024-10-15-163605-200x96.png 200w, https:\/\/physio.kinvent.com\/app\/uploads\/sites\/2\/2024\/10\/Screenshot-2024-10-15-163605-240x115.png 240w, https:\/\/physio.kinvent.com\/app\/uploads\/sites\/2\/2024\/10\/Screenshot-2024-10-15-163605-330x159.png 330w\" alt=\"\" width=\"630\" height=\"303\" \/><\/p>\r\n<p>En tant que r\u00e9sident fran\u00e7ais, vous avez \u00e9galement\u00a0<strong>le droit de d\u00e9finir des directives, soit g\u00e9n\u00e9rales, soit particuli\u00e8res, s\u2019agissant de vos donn\u00e9es personnelles dans l\u2019hypoth\u00e8se de votre d\u00e9c\u00e8s<\/strong>\u00a0(par exemple, leur suppression ou leur transmission \u00e0 toute personne de votre choix). Vous pouvez r\u00e9voquer vos directives \u00e0 tout moment.<\/p>\r\n<p><img loading=\"lazy\" decoding=\"async\" class=\"alignnone  wp-image-4213\" src=\"https:\/\/physio.kinvent.com\/app\/uploads\/sites\/2\/2024\/10\/Screenshot-2024-10-15-164025.png\" sizes=\"(max-width: 636px) 100vw, 636px\" srcset=\"https:\/\/physio.kinvent.com\/app\/uploads\/sites\/2\/2024\/10\/Screenshot-2024-10-15-164025.png 620w, https:\/\/physio.kinvent.com\/app\/uploads\/sites\/2\/2024\/10\/Screenshot-2024-10-15-164025-100x61.png 100w, https:\/\/physio.kinvent.com\/app\/uploads\/sites\/2\/2024\/10\/Screenshot-2024-10-15-164025-280x171.png 280w, https:\/\/physio.kinvent.com\/app\/uploads\/sites\/2\/2024\/10\/Screenshot-2024-10-15-164025-200x122.png 200w, https:\/\/physio.kinvent.com\/app\/uploads\/sites\/2\/2024\/10\/Screenshot-2024-10-15-164025-240x146.png 240w, https:\/\/physio.kinvent.com\/app\/uploads\/sites\/2\/2024\/10\/Screenshot-2024-10-15-164025-330x201.png 330w\" alt=\"\" width=\"636\" height=\"388\" \/><\/p>\r\n<p>Dans certaines circonstances,\u00a0<strong>K<\/strong>INVENT pourra \u00eatre amen\u00e9e \u00e0 vous\u00a0<strong>demander des informations sp\u00e9cifiques<\/strong>,<strong>\u00a0afin de confirmer votre identit\u00e9<\/strong>\u00a0et garantir l\u2019exercice de vos droits. Il s\u2019agit d\u2019une autre mesure de s\u00e9curit\u00e9 appropri\u00e9e pour s\u2019assurer que les donn\u00e9es personnelles ne sont pas divulgu\u00e9es \u00e0 une personne qui n\u2019a pas le droit de les recevoir.<\/p>\r\n<p>&nbsp;<\/p>\r\n<p><strong>Pour toute question ou pour exercer vos droits sur vos donn\u00e9es personnelles, nous vous invitons \u00e0 :<\/strong><\/p>\r\n<ul>\r\n<li><strong>adresser un email au D\u00e9l\u00e9gu\u00e9 \u00e0 la Protection des Donn\u00e9es (DPO) de KINVENT \u00e0 l\u2019adresse\u00a0<\/strong><a href=\"mailto:dpo@kinvent.com\">dpo@kinvent.com<\/a>\u00a0; ou<\/li>\r\n<li><strong>adresser un courrier postal \u00e0 KINVENT BIOM\u00c9CANIQUE \u2013 6 Rue de Pommessargues Zac Eureka \u2013 Immeuble Apollo A, 34000 Montpellier (France)<\/strong>.<\/li>\r\n<\/ul>\r\n<p>Au besoin, vous pouvez\u00a0<strong>introduire une r\u00e9clamation aupr\u00e8s de la Commission Nationale Informatique et Libert\u00e9s (CNIL)\u00a0<\/strong><em>via\u00a0<\/em>son\u00a0<a href=\"https:\/\/www.cnil.fr\/fr\/plaintes\">site internet<\/a>\u00a0ou par courrier : 3, place de Fontenoy \u2013 TSA 80715 \u2013 75334 PARIS CEDEX 07. Ce droit peut \u00eatre exerc\u00e9 \u00e0 tout moment gratuitement, mis \u00e0 part les frais du courrier le cas \u00e9ch\u00e9ant, et les frais \u00e9ventuels d\u2019assistance ou de repr\u00e9sentation si vous choisissez de vous faire aider dans cette proc\u00e9dure par un tiers.<\/p>\r\n<p>&nbsp;<\/p>\r\n<h2>8. MISE \u00c0 JOUR<\/h2>\r\n<p>La pr\u00e9sente charte de confidentialit\u00e9 est dat\u00e9e de mani\u00e8re pr\u00e9cise et pourra \u00eatre modifi\u00e9e et mise \u00e0 jour par\u00a0<strong>K<\/strong>INVENT \u00e0 tout moment, notamment en cas de changement sur le Site ou d\u2019\u00e9volution de la loi applicable. Par cons\u00e9quent, nous vous recommandons de consulter la pr\u00e9sente charte de confidentialit\u00e9 \u00e0 chaque nouvel acc\u00e8s au Site. Lorsque requis par la loi applicable, la p charte de confidentialit\u00e9 mise \u00e0 jour vous sera communiqu\u00e9e par tout moyen appropri\u00e9.<\/p>\r\n<p><span style=\"font-weight: 400;\">* * *<\/span><\/p>\r\n<p class=\"has-large-font-size\"><\/p>\r\n\r\n<p>&nbsp;<\/p>\r\n<p>[\/vc_column_text][\/vc_column][\/vc_row]<\/p><\/div>","protected":false},"excerpt":{"rendered":"<p>[vc_row][vc_column][vc_column_text] CHARTE DE CONFIDENTIALIT\u00c9 Derni\u00e8re mise \u00e0 jour : octobre 2024 &nbsp; Dans le cadre de votre acc\u00e8s et navigation sur le pr\u00e9sent site<span class=\"excerpt-hellip\"> [\u2026]<\/span><\/p>\n","protected":false},"author":4,"featured_media":0,"parent":0,"menu_order":0,"comment_status":"closed","ping_status":"closed","template":"","meta":{"footnotes":""},"class_list":["post-4681","page","type-page","status-publish","hentry"],"_links":{"self":[{"href":"https:\/\/k-invent.com\/fr\/wp-json\/wp\/v2\/pages\/4681","targetHints":{"allow":["GET"]}}],"collection":[{"href":"https:\/\/k-invent.com\/fr\/wp-json\/wp\/v2\/pages"}],"about":[{"href":"https:\/\/k-invent.com\/fr\/wp-json\/wp\/v2\/types\/page"}],"author":[{"embeddable":true,"href":"https:\/\/k-invent.com\/fr\/wp-json\/wp\/v2\/users\/4"}],"replies":[{"embeddable":true,"href":"https:\/\/k-invent.com\/fr\/wp-json\/wp\/v2\/comments?post=4681"}],"version-history":[{"count":2,"href":"https:\/\/k-invent.com\/fr\/wp-json\/wp\/v2\/pages\/4681\/revisions"}],"predecessor-version":[{"id":20268,"href":"https:\/\/k-invent.com\/fr\/wp-json\/wp\/v2\/pages\/4681\/revisions\/20268"}],"wp:attachment":[{"href":"https:\/\/k-invent.com\/fr\/wp-json\/wp\/v2\/media?parent=4681"}],"curies":[{"name":"wp","href":"https:\/\/api.w.org\/{rel}","templated":true}]}}