{"id":20269,"date":"2024-11-14T12:01:40","date_gmt":"2024-11-14T11:01:40","guid":{"rendered":"https:\/\/k-invent.com\/?page_id=20269"},"modified":"2025-12-01T15:13:41","modified_gmt":"2025-12-01T14:13:41","slug":"politique-cookies","status":"publish","type":"page","link":"https:\/\/k-invent.com\/fr\/politique-cookies\/","title":{"rendered":"Politique Cookies"},"content":{"rendered":"<h1>Politique Cookies<\/h1>\n<p>&nbsp;<\/p>\n<p><b>Derni\u00e8re mise \u00e0 jour : octobre 2024<\/b><\/p>\n<p>&nbsp;<\/p>\n<p>La pr\u00e9sente politique vise \u00e0 vous informer de mani\u00e8re claire et transparente sur l\u2019utilisation des cookies et autres traceurs mis en place par la soci\u00e9t\u00e9 KINVENT Biom\u00e9canique (ci-apr\u00e8s \u00ab\u00a0<b>KINVENT<\/b>\u00a0\u00bb, \u00ab\u00a0<b>nous\u00a0<\/b>\u00bb, \u00ab\u00a0<b>notre<\/b>\u00a0\u00bb, \u00ab\u00a0<b>nos<\/b>\u00a0\u00bb) sur le pr\u00e9sent site internet (ci-apr\u00e8s le \u00ab\u00a0<b>Site<\/b>\u00a0\u00bb).<\/p>\n<p><b>Si vous avez des questions sur les cookies et autres traceurs utilis\u00e9s sur le Site, nous vous invitons \u00e0 :<\/b><\/p>\n<ul>\n<li aria-level=\"1\"><b>adresser un email \u00e0 notre D\u00e9l\u00e9gu\u00e9\u00a0 \u00e0 la Protection des Donn\u00e9es (DPO) \u00e0 l\u2019adresse dpo@kinvent.com<\/b>\u00a0; ou<\/li>\n<li aria-level=\"1\"><b>\u00e9crire \u00e0 KINVENT BIOM\u00c9CANIQUE \u2013 \u00a0 6 Rue de Pommessargues Zac Eureka \u2013 Immeuble Apollo A, 34000 Montpellier (France).<\/b><\/li>\n<\/ul>\n<h2><\/h2>\n<h2><b>QU\u2019EST-CE QU\u2019UN COOKIE ?<\/b><\/h2>\n<p>Les cookies et autres traceurs (ci-apr\u00e8s \u00ab\u00a0<b>Cookies\u00a0<\/b>\u00bb) sont des technologies qui stockent ou r\u00e9cup\u00e8rent des informations relatives \u00e0 votre navigateur ou votre terminal (ordinateur, t\u00e9l\u00e9phone mobile, tablette, etc.). Les Cookies sont g\u00e9n\u00e9ralement utilis\u00e9s par les sites internet, emails, logiciels ou applications mobiles.<\/p>\n<p>Les Cookies ne permettent pas de vous identifier nominativement, mais seulement d\u2019identifier le terminal utilis\u00e9. Ainsi, les Cookies collectent uniquement des informations li\u00e9es \u00e0 votre navigation, notamment afin de reconna\u00eetre ult\u00e9rieurement votre terminal, am\u00e9liorer votre exp\u00e9rience de navigation, enregistrer vos pr\u00e9f\u00e9rences ou encore adapter les services qui vous sont propos\u00e9s sur les Sites.<\/p>\n<p>\u00c0 tout moment, vous pouvez refuser le d\u00e9p\u00f4t des Cookies pr\u00e9sents sur le Site :<\/p>\n<ul>\n<li>\u00a0 \u00a0 \u00a0\u00a0soit\u00a0<i>via\u00a0<\/i>la plateforme de gestion du consentement s\u2019affichant sur le Site lors de votre premi\u00e8re navigation et disponible \u00e0 tout moment depuis la pr\u00e9sente politique (se r\u00e9f\u00e9rer \u00e0 la section 2) ;<\/li>\n<li>\u00a0 \u00a0 \u00a0\u00a0soit en param\u00e9trant votre navigateur en suivant les instructions indiqu\u00e9es ci-dessous (se r\u00e9f\u00e9rer \u00e0 la section 4).<\/li>\n<\/ul>\n<p>&nbsp;<\/p>\n<p>Veuillez \u00e9galement vous reporter \u00e0 notre\u00a0<a href=\"https:\/\/physio.kinvent.com\/fr\/charte-de-confidentialite\/\">charte de confidentialit\u00e9<\/a>\u00a0qui vient compl\u00e9ter la pr\u00e9sente politique cookies dans la mesure o\u00f9 des donn\u00e9es personnelles sont collect\u00e9es<i>\u00a0via<\/i>\u00a0des Cookies.<\/p>\n<p>Les cat\u00e9gories des Cookies utilis\u00e9s sur le Site sont les suivants :<\/p>\n<ul>\n<li>\u00a0 \u00a0 \u00a0\u00a0<b>Cookies techniques<\/b>\u00a0qui sont n\u00e9cessaires au bon fonctionnement du Site (prot\u00e9ger le Site, faciliter votre navigation, afficher les pages du Site, etc.). Ces cookies ne peuvent pas \u00eatre refuser<i>\u00a0via<\/i>\u00a0la plateforme de gestion du consentement, mais vous pouvez les d\u00e9sactiver en param\u00e9trant votre navigateur comme indiqu\u00e9 \u00e0 la section 4 de la pr\u00e9sente politique cookies, au risque cependant de ne plus \u00eatre en mesure de b\u00e9n\u00e9ficier de toutes les fonctionnalit\u00e9s du Site.<\/li>\n<li>\u00a0 \u00a0 \u00a0\u00a0<b>Cookies analytiques\u00a0<\/b>(ou Cookies de mesure d\u2019audience) qui sont utilis\u00e9s pour am\u00e9liorer le Site en collectant des informations sur la mani\u00e8re dont vous l\u2019utilisez. Ces informations sont conserv\u00e9es sous forme agr\u00e9g\u00e9e ou sous forme de statistiques g\u00e9n\u00e9ralis\u00e9es.<\/li>\n<li>\u00a0 \u00a0 \u00a0\u00a0<b>Cookies fonctionnelles\u00a0<\/b>(incluant les Cookies r\u00e9seaux sociaux) qui sont utilis\u00e9s pour am\u00e9liorer les fonctionnalit\u00e9s du Site, permettre la personnalisation de contenus et vous permettre d\u2019interagir avec les modules sociaux pr\u00e9sents sur le Site et d\u2019y partager du contenu.<\/li>\n<li>\u00a0 \u00a0 \u00a0\u00a0<b>Cookies publicitaires<\/b>\u00a0qui sont utilis\u00e9s pour permettre le placement de publicit\u00e9s, y compris de la part de nos partenaires publicitaires, la mesure de leur effectivit\u00e9 et l\u2019adaptation de leurs contenus selon votre navigation et votre profil.\u00a0<b>K<\/b>INVENT peut \u00e9galement vous pr\u00e9senter des publicit\u00e9s sur d\u2019autres sites internet pour promouvoir des services, des articles ou des \u00e9v\u00e9nements qui seraient susceptible de vous int\u00e9resser.<\/li>\n<\/ul>\n<p>&nbsp;<\/p>\n<h2><b>COMMENT CHOISIR ET MODIFIER LES PARAM\u00c8TRES COOKIE ?<\/b><\/h2>\n<p>Afin d\u2019obtenir votre consentement pour l\u2019utilisation et le stockage des Cookies et pour documenter correctement vos choix \u00e0 ce sujet, nous utilisons une plateforme de gestion du consentement nomm\u00e9e CookieYes fournie par la soci\u00e9t\u00e9 Webtoffee.<\/p>\n<p>&nbsp;<\/p>\n<p>Lorsque vous acc\u00e9dez au Site, une connexion est \u00e9tablie avec le serveur de la plateforme de gestion du consentement afin de nous donner la possibilit\u00e9 d\u2019obtenir votre consentement pour l\u2019utilisation et le stockage des Cookies qui le requi\u00e8rent. La plateforme de gestion du consentement stocke ensuite un Cookie dans votre navigateur afin de pouvoir activer uniquement les Cookies auxquels vous avez consenti et de le documenter correctement. Les donn\u00e9es trait\u00e9es sont stock\u00e9es jusqu\u2019\u00e0 l\u2019expiration de la p\u00e9riode de stockage pr\u00e9d\u00e9finie ou jusqu\u2019\u00e0 ce que vous demandiez la suppression des donn\u00e9es. Certaines p\u00e9riodes de conservation l\u00e9gales obligatoires peuvent s\u2019appliquer ind\u00e9pendamment de ce qui pr\u00e9c\u00e8de.<\/p>\n<p>&nbsp;<\/p>\n<p>Notre Site et la plateforme de gestion du consentement collectent et stockent automatiquement des informations dans des fichiers journaux de serveur, que votre navigateur nous transmet automatiquement. Les donn\u00e9es collect\u00e9es sont les suivantes :<\/p>\n<ul>\n<li>\u00a0 \u00a0 \u00a0\u00a0Vos choix sur les Cookies (statut du consentement, retrait du consentement, etc.) ;<\/li>\n<li>\u00a0 \u00a0 \u00a0\u00a0Votre adresse IP avec les mesures de confidentialit\u00e9 ;<\/li>\n<li>\u00a0 \u00a0 \u00a0\u00a0Les informations sur votre navigateur et terminal ;<\/li>\n<li>\u00a0 \u00a0 \u00a0\u00a0La date et l\u2019heure de votre navigation sur le Site ;<\/li>\n<li>\u00a0 \u00a0 \u00a0\u00a0L\u2019URL de la page internet o\u00f9 vous avez enregistr\u00e9 ou mis \u00e0 jour vos pr\u00e9f\u00e9rences de consentement ;<\/li>\n<li>\u00a0 \u00a0 \u00a0\u00a0L\u2019emplacement approximatif de l\u2019utilisateur qui a enregistr\u00e9 ses pr\u00e9f\u00e9rences de consentement ;<\/li>\n<li>\u00a0 \u00a0 \u00a0\u00a0L\u2019identifiant unique universel (UUID) de l\u2019utilisateur qui a cliqu\u00e9 sur la plateforme de gestion du consentement.<\/li>\n<\/ul>\n<p>&nbsp;<\/p>\n<p>En utilisant la plateforme de gestion du consentement disponible ici\u00a0[lien][MWE2] I, vous pouvez acc\u00e9der \u00e0 la liste compl\u00e8te des Cookies utilis\u00e9s sur le Site et choisir de les accepter ou de les refuser. Vous pouvez consentir \u00e0 l\u2019utilisation des Cookies selon leurs cat\u00e9gories ou les choisir \u00e0 partir de la liste compl\u00e8te des Cookies utilis\u00e9s sur le Site, \u00e0 l\u2019exception des Cookies techniques qui ne requi\u00e8rent pas votre consentement. La liste des Cookies utilis\u00e9s sur le Site est mise \u00e0 jour r\u00e9guli\u00e8rement.<\/p>\n<p>&nbsp;<\/p>\n<h2><b>QUELLES SONT LES SOCI\u00c9T\u00c9S TIERCES QUI D\u00c9POSENT DES COOKIES SUR LE SITE ?<\/b><\/h2>\n<p>Comme indiqu\u00e9 ci-dessus, le Site utilise des Cookies de soci\u00e9t\u00e9s tierces.<\/p>\n<p>Dans ce cadre,\u00a0<b>K<\/b>INVENT agit en qualit\u00e9 de coresponsable de traitement pour la collecte et la transmission des donn\u00e9es \u00e0 ces soci\u00e9t\u00e9s tierces, mais uniquement dans la mesure o\u00f9 cela est techniquement n\u00e9cessaire. Au-del\u00e0 de la collecte et de la transmission technique,\u00a0<b>K<\/b>INVENT n\u2019a aucun contr\u00f4le sur les Cookies tiers. En particulier,\u00a0<b>K<\/b>INVENT n\u2019est en aucun cas responsable du partage, des publications, des commentaires ou de toute autre activit\u00e9 de traitement effectu\u00e9e par ces soci\u00e9t\u00e9s tierces.<\/p>\n<p>Par cons\u00e9quent, nous vous recommandons de consulter les documents d\u2019information sur les donn\u00e9es personnelles et les cookies mis \u00e0 disposition de ces soci\u00e9t\u00e9s tierces sur leurs sites internet avant d\u2019accepter le d\u00e9p\u00f4t des Cookies concern\u00e9s.<\/p>\n<p>&nbsp;<\/p>\n<h2><b>COMMENT CONFIGURER VOTRE NAVIGATEUR POUR REFUSER LE D\u00c9P\u00d4T DES\u00a0<\/b><b>COOKIES ?<\/b><\/h2>\n<p><b>Configuration du navigateur<\/b>. La plupart des navigateurs acceptent le d\u00e9p\u00f4t des Cookies par d\u00e9faut. Toutefois, vous pouvez configurer votre navigateur de mani\u00e8re \u00e0 ce que les Cookies ne puissent pas \u00eatre d\u00e9pos\u00e9s sur votre terminal.<\/p>\n<p>Vous pouvez \u00e9galement configurer votre navigateur pour \u00eatre notifi\u00e9 \u00e0 chaque demande de placement de Cookies, refuser tous les Cookies ou n\u2019autoriser le placement que de certaines cat\u00e9gories de Cookies. Si vous refusez les Cookies, vous pouvez toujours utiliser le Site, au risque cependant de ne plus \u00eatre en mesure de b\u00e9n\u00e9ficier de toutes les fonctionnalit\u00e9s du Site.<\/p>\n<p>Selon le navigateur que vous utilisez, vous devez suivre les instructions disponibles sur les sites list\u00e9s ci-dessous :<\/p>\n<ul>\n<li>\u00a0 \u00a0\u00a0<a href=\"https:\/\/support.apple.com\/fr-fr\/guide\/safari\/sfri11471\/12.0\/mac\/10.14\">Navigateur Safari<\/a><\/li>\n<li>\u00a0 \u00a0\u00a0<a href=\"https:\/\/support.google.com\/chrome\/answer\/95647?co=GENIE.Platform%3DDesktop&amp;hl=fr&amp;oco=1\">Navigateur Google Chrome<\/a><\/li>\n<li>\u00a0 \u00a0 \u00a0\u00a0Navigateur<a href=\"https:\/\/support.microsoft.com\/fr-fr\/help\/4468242\/microsoft-edge-browsing-data-and-privacy\">\u00a0Microsoft Edge<\/a><\/li>\n<li>\u00a0 \u00a0\u00a0<a href=\"https:\/\/support.mozilla.org\/fr\/kb\/cookies-informations-sites-enregistrent#w_paramaetres-des-cookies\">Navigateur Firefox<\/a><\/li>\n<\/ul>\n<p>&nbsp;<\/p>\n<p><b>Configurer votre terminal portable.\u00a0<\/b>Si vous utilisez un terminal mobile, vous pouvez \u00e9galement g\u00e9rer les publicit\u00e9s personnalis\u00e9es sur votre terminal en ajustant les param\u00e8tres fournis par le fabricant de votre terminal ou le fournisseur du syst\u00e8me d\u2019exploitation :<\/p>\n<ul>\n<li>\u00a0 \u00a0 \u00a0\u00a0<a href=\"https:\/\/support.apple.com\/fr-fr\/105131\">G\u00e9rer les param\u00e8tres sur les terminaux sous iOS<\/a><\/li>\n<li>\u00a0 \u00a0 \u00a0\u00a0<a href=\"https:\/\/policies.google.com\/technologies\/ads?hl=fr\">G\u00e9rer les param\u00e8tres sur les terminaux ous Android<\/a><\/li>\n<\/ul>\n<p>&nbsp;<\/p>\n<p><b>Autre outil de gestion des pr\u00e9f\u00e9rences<\/b>. Pour plus d\u2019informations sur les Cookies, afin de voir les Cookies plac\u00e9s sur votre terminal et g\u00e9rer vos pr\u00e9f\u00e9rences en la mati\u00e8re, vous pouvez \u00e9galement utiliser<a href=\"http:\/\/www.youronlinechoices.eu\/\">\u00a0www.youronlinechoices.eu<\/a>.<\/p>\n<p>&nbsp;<\/p>\n<p>Pour refuser le suivi par Google Analytics sur tous les sites internet sur lesquels vous naviguez, veuillez visiter<a href=\"http:\/\/tools.google.com\/dlpage\/gaoptout\">\u00a0http:\/\/tools.google.com\/dlpage\/gaoptout<\/a>.<\/p>\n","protected":false},"excerpt":{"rendered":"<p>Politique Cookies &nbsp; Derni\u00e8re mise \u00e0 jour : octobre 2024 &nbsp; La pr\u00e9sente politique vise \u00e0 vous informer de mani\u00e8re claire et transparente sur<span class=\"excerpt-hellip\"> [\u2026]<\/span><\/p>\n","protected":false},"author":4,"featured_media":0,"parent":0,"menu_order":0,"comment_status":"closed","ping_status":"closed","template":"","meta":{"footnotes":""},"class_list":["post-20269","page","type-page","status-publish","hentry"],"_links":{"self":[{"href":"https:\/\/k-invent.com\/fr\/wp-json\/wp\/v2\/pages\/20269","targetHints":{"allow":["GET"]}}],"collection":[{"href":"https:\/\/k-invent.com\/fr\/wp-json\/wp\/v2\/pages"}],"about":[{"href":"https:\/\/k-invent.com\/fr\/wp-json\/wp\/v2\/types\/page"}],"author":[{"embeddable":true,"href":"https:\/\/k-invent.com\/fr\/wp-json\/wp\/v2\/users\/4"}],"replies":[{"embeddable":true,"href":"https:\/\/k-invent.com\/fr\/wp-json\/wp\/v2\/comments?post=20269"}],"version-history":[{"count":2,"href":"https:\/\/k-invent.com\/fr\/wp-json\/wp\/v2\/pages\/20269\/revisions"}],"predecessor-version":[{"id":20271,"href":"https:\/\/k-invent.com\/fr\/wp-json\/wp\/v2\/pages\/20269\/revisions\/20271"}],"wp:attachment":[{"href":"https:\/\/k-invent.com\/fr\/wp-json\/wp\/v2\/media?parent=20269"}],"curies":[{"name":"wp","href":"https:\/\/api.w.org\/{rel}","templated":true}]}}